{"id":2,"date":"2023-11-08T16:25:17","date_gmt":"2023-11-08T15:25:17","guid":{"rendered":"https:\/\/belleboullc.com\/TradingJM\/?page_id=2"},"modified":"2024-12-17T21:46:16","modified_gmt":"2024-12-17T20:46:16","slug":"actions-euros","status":"publish","type":"page","link":"https:\/\/belleboullc.com\/TradingJM\/actions-euros\/","title":{"rendered":"Actions Europe"},"content":{"rendered":"\n<p><strong>Pourquoi investir dans les actions europ\u00e9ennes ?<\/strong><br>L\u2019Europe, berceau de multinationales historiques et d\u2019entreprises innovantes, offre un terrain fertile pour les investisseurs en qu\u00eate de diversit\u00e9 et de potentiel. Des g\u00e9ants de la consommation aux leaders des \u00e9nergies renouvelables, en passant par les acteurs cl\u00e9s de la technologie et de l\u2019industrie, les march\u00e9s boursiers europ\u00e9ens proposent des opportunit\u00e9s uniques, souvent moins volatiles que leurs homologues am\u00e9ricains.<\/p>\n\n\n\n<blockquote class=\"wp-block-quote is-layout-flow wp-block-quote-is-layout-flow\">\n<p>La soci\u00e9t\u00e9 Bellebou llc a \u00e9t\u00e9 cr\u00e9\u00e9e en 2005, et n\u2019a cess\u00e9 de proposer au public des infos de qualit\u00e9 depuis lors.<\/p>\n<\/blockquote>\n\n\n\n\n","protected":false},"excerpt":{"rendered":"<p>Pourquoi investir dans les actions europ\u00e9ennes ?L\u2019Europe, berceau de multinationales historiques et d\u2019entreprises innovantes, offre un terrain fertile pour les investisseurs en qu\u00eate de diversit\u00e9 et de potentiel. Des g\u00e9ants de la consommation aux leaders des \u00e9nergies renouvelables, en passant par les acteurs cl\u00e9s de la technologie et de l\u2019industrie, les march\u00e9s boursiers europ\u00e9ens proposent &hellip; <\/p>\n","protected":false},"author":1,"featured_media":18,"parent":0,"menu_order":0,"comment_status":"closed","ping_status":"closed","template":"","meta":{"footnotes":""},"class_list":["post-2","page","type-page","status-publish","has-post-thumbnail","hentry","grid-sizer"],"yoast_head":"<!-- This site is optimized with the Yoast SEO plugin v27.5 - https:\/\/yoast.com\/product\/yoast-seo-wordpress\/ -->\n<title>Actions Europe - Bellebou llc<\/title>\n<meta name=\"robots\" content=\"index, follow, max-snippet:-1, max-image-preview:large, max-video-preview:-1\" \/>\n<link rel=\"canonical\" href=\"https:\/\/belleboullc.com\/TradingJM\/actions-euros\/\" \/>\n<meta property=\"og:locale\" content=\"fr_FR\" \/>\n<meta property=\"og:type\" content=\"article\" \/>\n<meta property=\"og:title\" content=\"Actions Europe - Bellebou llc\" \/>\n<meta property=\"og:description\" content=\"Pourquoi investir dans les actions europ\u00e9ennes ?L\u2019Europe, berceau de multinationales historiques et d\u2019entreprises innovantes, offre un terrain fertile pour les investisseurs en qu\u00eate de diversit\u00e9 et de potentiel. Des g\u00e9ants de la consommation aux leaders des \u00e9nergies renouvelables, en passant par les acteurs cl\u00e9s de la technologie et de l\u2019industrie, les march\u00e9s boursiers europ\u00e9ens proposent &hellip;\" \/>\n<meta property=\"og:url\" content=\"https:\/\/belleboullc.com\/TradingJM\/actions-euros\/\" \/>\n<meta property=\"og:site_name\" content=\"Bellebou llc\" \/>\n<meta property=\"article:modified_time\" content=\"2024-12-17T20:46:16+00:00\" \/>\n<meta property=\"og:image\" content=\"https:\/\/belleboullc.com\/TradingJM\/wp-content\/uploads\/2024\/12\/391660621_6696016587130703_6436366088029398641_n.jpg\" \/>\n\t<meta property=\"og:image:width\" content=\"526\" \/>\n\t<meta property=\"og:image:height\" content=\"789\" \/>\n\t<meta property=\"og:image:type\" content=\"image\/jpeg\" \/>\n<meta name=\"twitter:card\" content=\"summary_large_image\" \/>\n<meta name=\"twitter:label1\" content=\"Dur\u00e9e de lecture estim\u00e9e\" \/>\n\t<meta name=\"twitter:data1\" content=\"1 minute\" \/>\n<script type=\"application\/ld+json\" class=\"yoast-schema-graph\">{\"@context\":\"https:\\\/\\\/schema.org\",\"@graph\":[{\"@type\":\"WebPage\",\"@id\":\"https:\\\/\\\/belleboullc.com\\\/TradingJM\\\/actions-euros\\\/\",\"url\":\"https:\\\/\\\/belleboullc.com\\\/TradingJM\\\/actions-euros\\\/\",\"name\":\"Actions Europe - Bellebou llc\",\"isPartOf\":{\"@id\":\"https:\\\/\\\/belleboullc.com\\\/TradingJM\\\/#website\"},\"primaryImageOfPage\":{\"@id\":\"https:\\\/\\\/belleboullc.com\\\/TradingJM\\\/actions-euros\\\/#primaryimage\"},\"image\":{\"@id\":\"https:\\\/\\\/belleboullc.com\\\/TradingJM\\\/actions-euros\\\/#primaryimage\"},\"thumbnailUrl\":\"https:\\\/\\\/belleboullc.com\\\/TradingJM\\\/wp-content\\\/uploads\\\/2024\\\/12\\\/391660621_6696016587130703_6436366088029398641_n.jpg\",\"datePublished\":\"2023-11-08T15:25:17+00:00\",\"dateModified\":\"2024-12-17T20:46:16+00:00\",\"breadcrumb\":{\"@id\":\"https:\\\/\\\/belleboullc.com\\\/TradingJM\\\/actions-euros\\\/#breadcrumb\"},\"inLanguage\":\"fr-FR\",\"potentialAction\":[{\"@type\":\"ReadAction\",\"target\":[\"https:\\\/\\\/belleboullc.com\\\/TradingJM\\\/actions-euros\\\/\"]}]},{\"@type\":\"ImageObject\",\"inLanguage\":\"fr-FR\",\"@id\":\"https:\\\/\\\/belleboullc.com\\\/TradingJM\\\/actions-euros\\\/#primaryimage\",\"url\":\"https:\\\/\\\/belleboullc.com\\\/TradingJM\\\/wp-content\\\/uploads\\\/2024\\\/12\\\/391660621_6696016587130703_6436366088029398641_n.jpg\",\"contentUrl\":\"https:\\\/\\\/belleboullc.com\\\/TradingJM\\\/wp-content\\\/uploads\\\/2024\\\/12\\\/391660621_6696016587130703_6436366088029398641_n.jpg\",\"width\":526,\"height\":789},{\"@type\":\"BreadcrumbList\",\"@id\":\"https:\\\/\\\/belleboullc.com\\\/TradingJM\\\/actions-euros\\\/#breadcrumb\",\"itemListElement\":[{\"@type\":\"ListItem\",\"position\":1,\"name\":\"Home\",\"item\":\"https:\\\/\\\/belleboullc.com\\\/TradingJM\\\/\"},{\"@type\":\"ListItem\",\"position\":2,\"name\":\"Actions Europe\"}]},{\"@type\":\"WebSite\",\"@id\":\"https:\\\/\\\/belleboullc.com\\\/TradingJM\\\/#website\",\"url\":\"https:\\\/\\\/belleboullc.com\\\/TradingJM\\\/\",\"name\":\"Bellebou llc\",\"description\":\"Analyse Trading force\",\"potentialAction\":[{\"@type\":\"SearchAction\",\"target\":{\"@type\":\"EntryPoint\",\"urlTemplate\":\"https:\\\/\\\/belleboullc.com\\\/TradingJM\\\/?s={search_term_string}\"},\"query-input\":{\"@type\":\"PropertyValueSpecification\",\"valueRequired\":true,\"valueName\":\"search_term_string\"}}],\"inLanguage\":\"fr-FR\"}]}<\/script>\n<!-- \/ Yoast SEO plugin. -->","yoast_head_json":{"title":"Actions Europe - Bellebou llc","robots":{"index":"index","follow":"follow","max-snippet":"max-snippet:-1","max-image-preview":"max-image-preview:large","max-video-preview":"max-video-preview:-1"},"canonical":"https:\/\/belleboullc.com\/TradingJM\/actions-euros\/","og_locale":"fr_FR","og_type":"article","og_title":"Actions Europe - Bellebou llc","og_description":"Pourquoi investir dans les actions europ\u00e9ennes ?L\u2019Europe, berceau de multinationales historiques et d\u2019entreprises innovantes, offre un terrain fertile pour les investisseurs en qu\u00eate de diversit\u00e9 et de potentiel. Des g\u00e9ants de la consommation aux leaders des \u00e9nergies renouvelables, en passant par les acteurs cl\u00e9s de la technologie et de l\u2019industrie, les march\u00e9s boursiers europ\u00e9ens proposent &hellip;","og_url":"https:\/\/belleboullc.com\/TradingJM\/actions-euros\/","og_site_name":"Bellebou llc","article_modified_time":"2024-12-17T20:46:16+00:00","og_image":[{"width":526,"height":789,"url":"https:\/\/belleboullc.com\/TradingJM\/wp-content\/uploads\/2024\/12\/391660621_6696016587130703_6436366088029398641_n.jpg","type":"image\/jpeg"}],"twitter_card":"summary_large_image","twitter_misc":{"Dur\u00e9e de lecture estim\u00e9e":"1 minute"},"schema":{"@context":"https:\/\/schema.org","@graph":[{"@type":"WebPage","@id":"https:\/\/belleboullc.com\/TradingJM\/actions-euros\/","url":"https:\/\/belleboullc.com\/TradingJM\/actions-euros\/","name":"Actions Europe - Bellebou llc","isPartOf":{"@id":"https:\/\/belleboullc.com\/TradingJM\/#website"},"primaryImageOfPage":{"@id":"https:\/\/belleboullc.com\/TradingJM\/actions-euros\/#primaryimage"},"image":{"@id":"https:\/\/belleboullc.com\/TradingJM\/actions-euros\/#primaryimage"},"thumbnailUrl":"https:\/\/belleboullc.com\/TradingJM\/wp-content\/uploads\/2024\/12\/391660621_6696016587130703_6436366088029398641_n.jpg","datePublished":"2023-11-08T15:25:17+00:00","dateModified":"2024-12-17T20:46:16+00:00","breadcrumb":{"@id":"https:\/\/belleboullc.com\/TradingJM\/actions-euros\/#breadcrumb"},"inLanguage":"fr-FR","potentialAction":[{"@type":"ReadAction","target":["https:\/\/belleboullc.com\/TradingJM\/actions-euros\/"]}]},{"@type":"ImageObject","inLanguage":"fr-FR","@id":"https:\/\/belleboullc.com\/TradingJM\/actions-euros\/#primaryimage","url":"https:\/\/belleboullc.com\/TradingJM\/wp-content\/uploads\/2024\/12\/391660621_6696016587130703_6436366088029398641_n.jpg","contentUrl":"https:\/\/belleboullc.com\/TradingJM\/wp-content\/uploads\/2024\/12\/391660621_6696016587130703_6436366088029398641_n.jpg","width":526,"height":789},{"@type":"BreadcrumbList","@id":"https:\/\/belleboullc.com\/TradingJM\/actions-euros\/#breadcrumb","itemListElement":[{"@type":"ListItem","position":1,"name":"Home","item":"https:\/\/belleboullc.com\/TradingJM\/"},{"@type":"ListItem","position":2,"name":"Actions Europe"}]},{"@type":"WebSite","@id":"https:\/\/belleboullc.com\/TradingJM\/#website","url":"https:\/\/belleboullc.com\/TradingJM\/","name":"Bellebou llc","description":"Analyse Trading force","potentialAction":[{"@type":"SearchAction","target":{"@type":"EntryPoint","urlTemplate":"https:\/\/belleboullc.com\/TradingJM\/?s={search_term_string}"},"query-input":{"@type":"PropertyValueSpecification","valueRequired":true,"valueName":"search_term_string"}}],"inLanguage":"fr-FR"}]}},"_links":{"self":[{"href":"https:\/\/belleboullc.com\/TradingJM\/wp-json\/wp\/v2\/pages\/2","targetHints":{"allow":["GET"]}}],"collection":[{"href":"https:\/\/belleboullc.com\/TradingJM\/wp-json\/wp\/v2\/pages"}],"about":[{"href":"https:\/\/belleboullc.com\/TradingJM\/wp-json\/wp\/v2\/types\/page"}],"author":[{"embeddable":true,"href":"https:\/\/belleboullc.com\/TradingJM\/wp-json\/wp\/v2\/users\/1"}],"replies":[{"embeddable":true,"href":"https:\/\/belleboullc.com\/TradingJM\/wp-json\/wp\/v2\/comments?post=2"}],"version-history":[{"count":4,"href":"https:\/\/belleboullc.com\/TradingJM\/wp-json\/wp\/v2\/pages\/2\/revisions"}],"predecessor-version":[{"id":104,"href":"https:\/\/belleboullc.com\/TradingJM\/wp-json\/wp\/v2\/pages\/2\/revisions\/104"}],"wp:featuredmedia":[{"embeddable":true,"href":"https:\/\/belleboullc.com\/TradingJM\/wp-json\/wp\/v2\/media\/18"}],"wp:attachment":[{"href":"https:\/\/belleboullc.com\/TradingJM\/wp-json\/wp\/v2\/media?parent=2"}],"curies":[{"name":"wp","href":"https:\/\/api.w.org\/{rel}","templated":true}]}}