{"id":37,"date":"2024-12-12T18:08:28","date_gmt":"2024-12-12T17:08:28","guid":{"rendered":"https:\/\/belleboullc.com\/TradingJM\/?page_id=37"},"modified":"2024-12-12T21:35:48","modified_gmt":"2024-12-12T20:35:48","slug":"videos-showtrading","status":"publish","type":"page","link":"https:\/\/belleboullc.com\/TradingJM\/videos-showtrading\/","title":{"rendered":"Vid\u00e9os TradingShow"},"content":{"rendered":"\n<div class=\"wp-block-media-text has-media-on-the-right is-stacked-on-mobile\" style=\"grid-template-columns:auto 15%\"><div class=\"wp-block-media-text__content\">\n<p>\u00ab\u00a0Les actions am\u00e9ricaines : innovation, puissance et opportunit\u00e9s. Quels secteurs domineront demain ? D\u00e9couvrez tout ce qu\u2019il faut savoir pour investir intelligemment.\u00a0\u00bb<\/p>\n\n\n\n<figure class=\"wp-block-video\"><video height=\"720\" style=\"aspect-ratio: 1280 \/ 720;\" width=\"1280\" controls src=\"https:\/\/belleboullc.com\/TradingJM\/wp-content\/uploads\/2024\/12\/Remy-Cointreau-_-Analyse-de-Tournant-Crucial.mp4\" class=\"lws-optimize-lazyload\"><\/video><\/figure>\n<\/div><figure class=\"wp-block-media-text__media\"><\/figure><\/div>\n","protected":false},"excerpt":{"rendered":"","protected":false},"author":1,"featured_media":0,"parent":0,"menu_order":0,"comment_status":"closed","ping_status":"closed","template":"","meta":{"footnotes":""},"class_list":["post-37","page","type-page","status-publish","hentry","grid-sizer"],"yoast_head":"<!-- This site is optimized with the Yoast SEO plugin v27.5 - https:\/\/yoast.com\/product\/yoast-seo-wordpress\/ -->\n<title>Vid\u00e9os TradingShow - Bellebou llc<\/title>\n<meta name=\"robots\" content=\"index, follow, max-snippet:-1, max-image-preview:large, max-video-preview:-1\" \/>\n<link rel=\"canonical\" href=\"https:\/\/belleboullc.com\/TradingJM\/videos-showtrading\/\" \/>\n<meta property=\"og:locale\" content=\"fr_FR\" \/>\n<meta property=\"og:type\" content=\"article\" \/>\n<meta property=\"og:title\" content=\"Vid\u00e9os TradingShow - Bellebou llc\" \/>\n<meta property=\"og:url\" content=\"https:\/\/belleboullc.com\/TradingJM\/videos-showtrading\/\" \/>\n<meta property=\"og:site_name\" content=\"Bellebou llc\" \/>\n<meta property=\"article:modified_time\" content=\"2024-12-12T20:35:48+00:00\" \/>\n<meta name=\"twitter:card\" content=\"summary_large_image\" \/>\n<meta name=\"twitter:label1\" content=\"Dur\u00e9e de lecture estim\u00e9e\" \/>\n\t<meta name=\"twitter:data1\" content=\"1 minute\" \/>\n<script type=\"application\/ld+json\" class=\"yoast-schema-graph\">{\"@context\":\"https:\\\/\\\/schema.org\",\"@graph\":[{\"@type\":\"WebPage\",\"@id\":\"https:\\\/\\\/belleboullc.com\\\/TradingJM\\\/videos-showtrading\\\/\",\"url\":\"https:\\\/\\\/belleboullc.com\\\/TradingJM\\\/videos-showtrading\\\/\",\"name\":\"Vid\u00e9os TradingShow - Bellebou llc\",\"isPartOf\":{\"@id\":\"https:\\\/\\\/belleboullc.com\\\/TradingJM\\\/#website\"},\"datePublished\":\"2024-12-12T17:08:28+00:00\",\"dateModified\":\"2024-12-12T20:35:48+00:00\",\"breadcrumb\":{\"@id\":\"https:\\\/\\\/belleboullc.com\\\/TradingJM\\\/videos-showtrading\\\/#breadcrumb\"},\"inLanguage\":\"fr-FR\",\"potentialAction\":[{\"@type\":\"ReadAction\",\"target\":[\"https:\\\/\\\/belleboullc.com\\\/TradingJM\\\/videos-showtrading\\\/\"]}]},{\"@type\":\"BreadcrumbList\",\"@id\":\"https:\\\/\\\/belleboullc.com\\\/TradingJM\\\/videos-showtrading\\\/#breadcrumb\",\"itemListElement\":[{\"@type\":\"ListItem\",\"position\":1,\"name\":\"Home\",\"item\":\"https:\\\/\\\/belleboullc.com\\\/TradingJM\\\/\"},{\"@type\":\"ListItem\",\"position\":2,\"name\":\"Vid\u00e9os TradingShow\"}]},{\"@type\":\"WebSite\",\"@id\":\"https:\\\/\\\/belleboullc.com\\\/TradingJM\\\/#website\",\"url\":\"https:\\\/\\\/belleboullc.com\\\/TradingJM\\\/\",\"name\":\"Bellebou llc\",\"description\":\"Analyse Trading force\",\"potentialAction\":[{\"@type\":\"SearchAction\",\"target\":{\"@type\":\"EntryPoint\",\"urlTemplate\":\"https:\\\/\\\/belleboullc.com\\\/TradingJM\\\/?s={search_term_string}\"},\"query-input\":{\"@type\":\"PropertyValueSpecification\",\"valueRequired\":true,\"valueName\":\"search_term_string\"}}],\"inLanguage\":\"fr-FR\"}]}<\/script>\n<!-- \/ Yoast SEO plugin. -->","yoast_head_json":{"title":"Vid\u00e9os TradingShow - Bellebou llc","robots":{"index":"index","follow":"follow","max-snippet":"max-snippet:-1","max-image-preview":"max-image-preview:large","max-video-preview":"max-video-preview:-1"},"canonical":"https:\/\/belleboullc.com\/TradingJM\/videos-showtrading\/","og_locale":"fr_FR","og_type":"article","og_title":"Vid\u00e9os TradingShow - Bellebou llc","og_url":"https:\/\/belleboullc.com\/TradingJM\/videos-showtrading\/","og_site_name":"Bellebou llc","article_modified_time":"2024-12-12T20:35:48+00:00","twitter_card":"summary_large_image","twitter_misc":{"Dur\u00e9e de lecture estim\u00e9e":"1 minute"},"schema":{"@context":"https:\/\/schema.org","@graph":[{"@type":"WebPage","@id":"https:\/\/belleboullc.com\/TradingJM\/videos-showtrading\/","url":"https:\/\/belleboullc.com\/TradingJM\/videos-showtrading\/","name":"Vid\u00e9os TradingShow - Bellebou llc","isPartOf":{"@id":"https:\/\/belleboullc.com\/TradingJM\/#website"},"datePublished":"2024-12-12T17:08:28+00:00","dateModified":"2024-12-12T20:35:48+00:00","breadcrumb":{"@id":"https:\/\/belleboullc.com\/TradingJM\/videos-showtrading\/#breadcrumb"},"inLanguage":"fr-FR","potentialAction":[{"@type":"ReadAction","target":["https:\/\/belleboullc.com\/TradingJM\/videos-showtrading\/"]}]},{"@type":"BreadcrumbList","@id":"https:\/\/belleboullc.com\/TradingJM\/videos-showtrading\/#breadcrumb","itemListElement":[{"@type":"ListItem","position":1,"name":"Home","item":"https:\/\/belleboullc.com\/TradingJM\/"},{"@type":"ListItem","position":2,"name":"Vid\u00e9os TradingShow"}]},{"@type":"WebSite","@id":"https:\/\/belleboullc.com\/TradingJM\/#website","url":"https:\/\/belleboullc.com\/TradingJM\/","name":"Bellebou llc","description":"Analyse Trading force","potentialAction":[{"@type":"SearchAction","target":{"@type":"EntryPoint","urlTemplate":"https:\/\/belleboullc.com\/TradingJM\/?s={search_term_string}"},"query-input":{"@type":"PropertyValueSpecification","valueRequired":true,"valueName":"search_term_string"}}],"inLanguage":"fr-FR"}]}},"_links":{"self":[{"href":"https:\/\/belleboullc.com\/TradingJM\/wp-json\/wp\/v2\/pages\/37","targetHints":{"allow":["GET"]}}],"collection":[{"href":"https:\/\/belleboullc.com\/TradingJM\/wp-json\/wp\/v2\/pages"}],"about":[{"href":"https:\/\/belleboullc.com\/TradingJM\/wp-json\/wp\/v2\/types\/page"}],"author":[{"embeddable":true,"href":"https:\/\/belleboullc.com\/TradingJM\/wp-json\/wp\/v2\/users\/1"}],"replies":[{"embeddable":true,"href":"https:\/\/belleboullc.com\/TradingJM\/wp-json\/wp\/v2\/comments?post=37"}],"version-history":[{"count":9,"href":"https:\/\/belleboullc.com\/TradingJM\/wp-json\/wp\/v2\/pages\/37\/revisions"}],"predecessor-version":[{"id":101,"href":"https:\/\/belleboullc.com\/TradingJM\/wp-json\/wp\/v2\/pages\/37\/revisions\/101"}],"wp:attachment":[{"href":"https:\/\/belleboullc.com\/TradingJM\/wp-json\/wp\/v2\/media?parent=37"}],"curies":[{"name":"wp","href":"https:\/\/api.w.org\/{rel}","templated":true}]}}